{"id":122,"date":"2021-06-09T11:09:38","date_gmt":"2021-06-09T11:09:38","guid":{"rendered":"https:\/\/instalacores.pt\/?page_id=122"},"modified":"2022-01-21T15:56:07","modified_gmt":"2022-01-21T16:56:07","slug":"privacy-policy","status":"publish","type":"page","link":"https:\/\/instalacores.pt\/index.php\/en\/privacy-policy\/","title":{"rendered":"Privacy Policy"},"content":{"rendered":"\n<p>A INSTALA\u00c7ORES &#8211; ESTUDOS MONTAGENS E IND\u00daSTRIA DE INSTALA\u00c7\u00d5ES ELECTRICAS, LDA. (adiante, INSTALA\u00c7ORES), com sede em Port\u00f5es Vermelhos, Lote 5, 9560-360 Lagoa \u2013 A\u00e7ores, e NIPC 512020353 \u00e9 a propriet\u00e1ria do dom\u00ednio <em>https:\/\/instalacores.pt\/, <\/em>onde se encontra alojado o seu WEBSITE<em>.<\/em><\/p>\n\n\n\n<p>A INSTALA\u00c7ORES, ENQUANTO RESPONS\u00c1VEL PELO TRATAMENTO, EST\u00c1 EMPENHADA EM PROTEGER A PRIVACIDADE E OS DADOS PESSOAIS DOS SEUS CLIENTES E UTILIZADORES DO WEBSITE, PELO QUE, ELABOROU E ADOTOU A PRESENTE POL\u00cdTICA E AS PR\u00c1TICAS AQUI DESCRITAS.<\/p>\n\n\n\n<p>ESTA POL\u00cdTICA DE PRIVACIDADE EXPLICA COMO S\u00c3O RECOLHIDOS E TRATADOS OS SEUS DADOS PESSOAIS, PELO QUE, ACONSELHAMOS A SUA LEITURA PARA CONHECER AS CONDI\u00c7\u00d5ES EM QUE OS SEUS DADOS PESSOAIS S\u00c3O RECOLHIDOS E UTILIZADOS.<\/p>\n\n\n\n<p><strong>1<\/strong>. <strong>DO QUE TRATA ESTA POL\u00cdTICA?<\/strong><\/p>\n\n\n\n<p>1.1. Esta Pol\u00edtica de Privacidade explica como recolhemos e tratamos os dados pessoais que s\u00e3o necess\u00e1rios para o fornecimento de servi\u00e7os que est\u00e3o dispon\u00edveis atrav\u00e9s do WEBSITE, descrevendo as pr\u00e1ticas adotadas para esse efeito.<\/p>\n\n\n\n<p><strong>2. O QUE S\u00c3O DADOS PESSOAIS?<\/strong><\/p>\n\n\n\n<p>2.1. Dados pessoais s\u00e3o todas as informa\u00e7\u00f5es relativas a uma pessoa e que a identificam, ou a tornam identific\u00e1vel, independentemente da natureza e suporte das informa\u00e7\u00f5es, incluindo o som e a imagem da pessoa.<\/p>\n\n\n\n<p>2.2. Exemplos de dados pessoais que recolhemos s\u00e3o o seu nome e email quando entra em contacto connosco atrav\u00e9s do formul\u00e1rio de contacto ou os dados de cookies, quando visita o nosso website.<\/p>\n\n\n\n<p>2.3. Por identific\u00e1vel, deve entender-se uma pessoa que possa ser identificada, direta ou indiretamente, designadamente por refer\u00eancia a um n\u00famero de identifica\u00e7\u00e3o ou a outros elementos espec\u00edficos da sua identidade f\u00edsica, fisiol\u00f3gica, ps\u00edquica, econ\u00f3mica, cultural ou social.<\/p>\n\n\n\n<p><strong>3. COMO VAMOS UTILIZAR OS SEUS DADOS PESSOAIS?<\/strong><\/p>\n\n\n\n<p>3.1. A INSTALA\u00c7ORES ir\u00e1 utilizar os dados pessoais que nos forne\u00e7a para as seguintes finalidades:<\/p>\n\n\n\n<p>(a) Para analisar e responder \u00e0s suas mensagens, apoio ao cliente e pedidos de informa\u00e7\u00e3o;<\/p>\n\n\n\n<p>(b) Para manter um registo dos seus detalhes de contacto;<\/p>\n\n\n\n<p>(c) Para dar resposta ao seu pedido de or\u00e7amento;<\/p>\n\n\n\n<p>(d) Para as opera\u00e7\u00f5es de gest\u00e3o do WEBSITE;<\/p>\n\n\n\n<p>(e) Para fins comerciais, como an\u00e1lise de dados, auditorias;<\/p>\n\n\n\n<p>(f) Para preven\u00e7\u00e3o de fraudes e seguran\u00e7a dos sistemas de informa\u00e7\u00e3o;<\/p>\n\n\n\n<p>(g) Para a adapta\u00e7\u00e3o, melhoria e modifica\u00e7\u00e3o dos servi\u00e7os, nomeadamente, atrav\u00e9s da identifica\u00e7\u00e3o de tend\u00eancias de utiliza\u00e7\u00e3o, ou, para determinar a efic\u00e1cia das campanhas promocionais.<\/p>\n\n\n\n<p>3.2. Estas opera\u00e7\u00f5es de tratamento de dados pessoais s\u00e3o uma ferramenta essencial para a sua satisfa\u00e7\u00e3o e para a atividade da INSTALA\u00c7ORES e s\u00e3o realizadas de acordo com a legisla\u00e7\u00e3o aplic\u00e1vel e conforme as melhores pr\u00e1ticas.<\/p>\n\n\n\n<p>3.3. Os seus dados pessoais n\u00e3o ser\u00e3o reutilizados para outras finalidades que n\u00e3o sejam previamente identificadas ou que n\u00e3o tenham qualquer rela\u00e7\u00e3o com aquelas finalidades para as quais foram inicialmente recolhidos.<\/p>\n\n\n\n<p><strong>4. QUAIS OS FUNDAMENTOS PARA TRATARMOS OS DADOS PESSOAIS QUE RECOLHEMOS?<\/strong><\/p>\n\n\n\n<p>4.1. Os dados pessoais que a INSTALA\u00c7ORES trata t\u00eam fundamentos espec\u00edficos, consoante as finalidades a que se destinam.<\/p>\n\n\n\n<p>4.2. Na tabela seguinte pode visualizar quais os fundamentos consoantes as finalidades acima identificadas:<\/p>\n\n\n\n<p><\/p>\n\n\n\n<figure class=\"wp-block-table is-style-stripes\"><table class=\"has-fixed-layout\"><thead><tr><th class=\"has-text-align-center\" data-align=\"center\"><strong>FINALIDADE<\/strong><\/th><th class=\"has-text-align-center\" data-align=\"center\"><strong>FUNDAMENTO<\/strong><\/th><\/tr><\/thead><tbody><tr><td class=\"has-text-align-center\" data-align=\"center\">Para analisar e responder \u00e0s suas mensagens, apoio ao cliente e pedidos de informa\u00e7\u00e3o.<\/td><td class=\"has-text-align-center\" data-align=\"center\">Consentimento para essa finalidade espec\u00edfica.<\/td><\/tr><tr><td class=\"has-text-align-center\" data-align=\"center\">Para manter um registo dos seus detalhes de contacto.<\/td><td class=\"has-text-align-center\" data-align=\"center\">Consentimento para essa finalidade espec\u00edfica.<\/td><\/tr><tr><td class=\"has-text-align-center\" data-align=\"center\">Para dar resposta ao seu pedido de or\u00e7amento.<\/td><td class=\"has-text-align-center\" data-align=\"center\">Dilig\u00eancias pr\u00e9-contratuais a pedido do titular dos dados.<\/td><\/tr><tr><td class=\"has-text-align-center\" data-align=\"center\">Para as opera\u00e7\u00f5es de gest\u00e3o do WEBSITE.<\/td><td class=\"has-text-align-center\" data-align=\"center\">Consentimento para essa finalidade espec\u00edfica (cookies).<\/td><\/tr><tr><td class=\"has-text-align-center\" data-align=\"center\">Para fins comerciais, como an\u00e1lise de dados, auditorias.<\/td><td class=\"has-text-align-center\" data-align=\"center\">Consentimento para essa finalidade espec\u00edfica (cookies).<\/td><\/tr><tr><td class=\"has-text-align-center\" data-align=\"center\">Para preven\u00e7\u00e3o de fraudes e seguran\u00e7a dos sistemas de informa\u00e7\u00e3o.<\/td><td class=\"has-text-align-center\" data-align=\"center\">Consentimento para essa finalidade espec\u00edfica (cookies);<br>Interesses leg\u00edtimos prosseguidos pela INSTALA\u00c7ORES.<\/td><\/tr><tr><td class=\"has-text-align-center\" data-align=\"center\">Para a adapta\u00e7\u00e3o, melhoria e modifica\u00e7\u00e3o dos servi\u00e7os, nomeadamente, atrav\u00e9s da identifica\u00e7\u00e3o de tend\u00eancias de utiliza\u00e7\u00e3o, ou, para determinar a efic\u00e1cia das campanhas promocionais.<\/td><td class=\"has-text-align-center\" data-align=\"center\">Consentimento para essa finalidade espec\u00edfica (cookies).<\/td><\/tr><\/tbody><\/table><\/figure>\n\n\n\n<p><strong>5. QUE DADOS PESSOAIS RECOLHEMOS?<\/strong><\/p>\n\n\n\n<p>5.1. Os dados pessoais que a INSTALA\u00c7ORES recolhe e trata s\u00e3o apenas aqueles necess\u00e1rios e adequados \u00e0s finalidades acima indicadas.<\/p>\n\n\n\n<p>5.2. A INSTALA\u00c7ORES ir\u00e1 recolher e tratar os seguintes dados pessoais:<\/p>\n\n\n\n<p><\/p>\n\n\n\n<figure class=\"wp-block-table is-style-stripes\"><table class=\"has-fixed-layout\"><thead><tr><th class=\"has-text-align-center\" data-align=\"center\">FINALIDADE<\/th><th class=\"has-text-align-center\" data-align=\"center\">DADOS<\/th><\/tr><\/thead><tbody><tr><td class=\"has-text-align-center\" data-align=\"center\">Para analisar e responder \u00e0s suas mensagens, apoio ao cliente e pedidos de informa\u00e7\u00e3o.<\/td><td class=\"has-text-align-center\" data-align=\"center\">Nome e email.<\/td><\/tr><tr><td class=\"has-text-align-center\" data-align=\"center\">Para manter um registo dos seus detalhes de contacto.<\/td><td class=\"has-text-align-center\" data-align=\"center\">Nome e email.<\/td><\/tr><tr><td class=\"has-text-align-center\" data-align=\"center\">Para dar resposta ao seu pedido de or\u00e7amento.<\/td><td class=\"has-text-align-center\" data-align=\"center\">Nome e email.<\/td><\/tr><tr><td class=\"has-text-align-center\" data-align=\"center\">Para as opera\u00e7\u00f5es de gest\u00e3o do WEBSITE.<\/td><td class=\"has-text-align-center\" data-align=\"center\">Dados de cookies;<\/td><\/tr><tr><td class=\"has-text-align-center\" data-align=\"center\">Para fins comerciais, como an\u00e1lise de dados, auditorias.<\/td><td class=\"has-text-align-center\" data-align=\"center\">Dados de cookies;<\/td><\/tr><tr><td class=\"has-text-align-center\" data-align=\"center\">Para preven\u00e7\u00e3o de fraudes e seguran\u00e7a dos sistemas de informa\u00e7\u00e3o.<\/td><td class=\"has-text-align-center\" data-align=\"center\">Dados de cookies;<\/td><\/tr><tr><td class=\"has-text-align-center\" data-align=\"center\">Para a adapta\u00e7\u00e3o, melhoria e modifica\u00e7\u00e3o dos servi\u00e7os, nomeadamente, atrav\u00e9s da identifica\u00e7\u00e3o de tend\u00eancias de utiliza\u00e7\u00e3o, ou, para determinar a efic\u00e1cia das campanhas promocionais.<\/td><td class=\"has-text-align-center\" data-align=\"center\">Dados de cookies;<\/td><\/tr><\/tbody><\/table><\/figure>\n\n\n\n<p><strong>6. COMO RECOLHEMOS OS SEUS DADOS PESSOAIS?<\/strong><\/p>\n\n\n\n<p>6.1. Vamos recolher os seus dados pessoais atrav\u00e9s dos formul\u00e1rios presentes no WEBSITE, mas igualmente atrav\u00e9s do WEBSITE e da comunica\u00e7\u00e3o que este faz com o seu equipamento e mensagens de <em>e-mail<\/em> que nos envia.<\/p>\n\n\n\n<p>6.2. Os seus dados pessoais s\u00e3o recolhidos atrav\u00e9s do seu equipamento da seguinte forma:<\/p>\n\n\n\n<p>(a) Atrav\u00e9s do seu navegador;<\/p>\n\n\n\n<p>(b) Atrav\u00e9s de <em>cookies<\/em>;<\/p>\n\n\n\n<p>(c) Atrav\u00e9s de <em>pixel<\/em> <em>tags<\/em> e outras tecnologias semelhantes;<\/p>\n\n\n\n<p>(d) Endere\u00e7o IP.<\/p>\n\n\n\n<p>6.3. A INSTALA\u00c7ORES assume o compromisso de tratar os seus dados conforme a lei e de forma leg\u00edtima.<\/p>\n\n\n\n<p>6.4. A INSTALA\u00c7ORES n\u00e3o ir\u00e1 vender, nem alugar ou partilhar os seus dados pessoais com terceiros, exceto nos casos claramente identificados nesta Pol\u00edtica de Privacidade (ver Ponto 12 para perceber como).<\/p>\n\n\n\n<p>6.5. Os servi\u00e7os da INSTALA\u00c7ORES n\u00e3o s\u00e3o dirigidos a menores, n\u00e3o sendo tratados dados pessoais de menores de forma intencional.<\/p>\n\n\n\n<p><strong>7. O QUE S\u00c3O COOKIES?<\/strong><\/p>\n\n\n\n<p>7.1. <em>Cookies<\/em> s\u00e3o pequenos arquivos de informa\u00e7\u00f5es que ajudam a identificar o seu browser e que podem armazenar informa\u00e7\u00f5es, por exemplo, configura\u00e7\u00f5es e prefer\u00eancias do Utilizador.<\/p>\n\n\n\n<p>7.2. A INSTALA\u00c7ORES ir\u00e1 armazenar <em>cookies<\/em> no seu equipamento para personalizar e facilitar ao m\u00e1ximo a navega\u00e7\u00e3o, mas tamb\u00e9m, para a solu\u00e7\u00e3o de problemas, estat\u00edsticas, garantia de qualidade, e para monitorar a seguran\u00e7a do sistema.<\/p>\n\n\n\n<p>7.3. Com exce\u00e7\u00e3o dos <em>cookies<\/em> especificamente necess\u00e1rios ao desempenho do website, o armazenamento de outros cookies depender\u00e1 sempre da aceita\u00e7\u00e3o e consentimento do Utilizador, podendo esse consentimento ser retirado a todo o tempo atrav\u00e9s de ferramentas espec\u00edficas do browser.<\/p>\n\n\n\n<p>7.4. Para saber mais sobre os cookies que utilizamos deve consultar a nossa <strong>Pol\u00edtica de Cookies<\/strong>.<\/p>\n\n\n\n<p><strong>8. O QUE S\u00c3O <em><u>PIXEL TAGS<\/u><\/em> E OUTRAS TECNOLOGIAS SEMELHANTES?<\/strong><\/p>\n\n\n\n<p>8.1. Os <em>pixel<\/em> <em>tags<\/em> (tamb\u00e9m conhecidos como <em>web beacons<\/em> e <em>clear GIFs<\/em>) podem ser usados em conex\u00e3o com alguns servi\u00e7os para, por exemplo, acompanhar as a\u00e7\u00f5es dos utilizadores dos servi\u00e7os (incluindo destinat\u00e1rios de email), medir o sucesso das nossas campanhas de marketing e compilar estat\u00edsticas sobre a utiliza\u00e7\u00e3o dos Servi\u00e7os e taxas de resposta.<\/p>\n\n\n\n<p>8.2. Para saber mais sobre os <em>pixel tags<\/em> e outras tecnologias semelhantes que utilizamos deve consultar a nossa <strong>Pol\u00edtica de Cookies<\/strong>.<\/p>\n\n\n\n<p><strong>9. COMO PROTEGEMOS OS SEUS DADOS PESSOAIS?<\/strong><\/p>\n\n\n\n<p>9.1. Os seus dados pessoais s\u00e3o mantidos em seguran\u00e7a atrav\u00e9s da ado\u00e7\u00e3o de diversas medidas de seguran\u00e7a, de car\u00e1ter t\u00e9cnico e organizativo que garantem que s\u00f3 t\u00eam acesso aos dados pessoais os Colaboradores que devem aceder aos mesmos, conforme regras criadas para o efeito.<\/p>\n\n\n\n<p>9.2. Para proteger os seus dados pessoais s\u00f3 recorremos a fornecedores de centros de dados que nos ofere\u00e7am medidas de seguran\u00e7a adequadas e documentadas, nomeadamente, garantias que os seus dados pessoais s\u00e3o armazenados em servidores que s\u00e3o mantidos em ambientes controlados com acessos limitados.<\/p>\n\n\n\n<p>9.3. De igual modo, quando navega no WEBSITE, protegemos os seus dados com criptografia, como por exemplo, Transport Layer Security (TLS, \u00e9 um protocolo de seguran\u00e7a que protege as telecomunica\u00e7\u00f5es via internet).<\/p>\n\n\n\n<p>9.4. Embora tomemos os cuidados e as precau\u00e7\u00f5es que entendemos adequadas para proteger os dados pessoais que nos fornece e recolhemos, \u00e9 preciso ter consci\u00eancia que nenhum sistema de seguran\u00e7a \u00e9 impenetr\u00e1vel.<\/p>\n\n\n\n<p><strong>10. QUANTO TEMPO CONSERVAMOS OS SEUS DADOS PESSOAIS?<\/strong><\/p>\n\n\n\n<p>10.1. Os seus dados pessoais ser\u00e3o conservados pelo tempo necess\u00e1rio \u00e0s finalidades a que se destinam, conforme elencado nesta Pol\u00edtica de Privacidade. Assim:<\/p>\n\n\n\n<p><\/p>\n\n\n\n<figure class=\"wp-block-table is-style-stripes\"><table class=\"has-fixed-layout\"><thead><tr><th class=\"has-text-align-center\" data-align=\"center\">FINALIDADE<\/th><th class=\"has-text-align-center\" data-align=\"center\">TEMPO M\u00c1XIMO<\/th><\/tr><\/thead><tbody><tr><td class=\"has-text-align-center\" data-align=\"center\">Para analisar e responder \u00e0s suas mensagens, apoio ao cliente e pedidos de informa\u00e7\u00e3o.<\/td><td class=\"has-text-align-center\" data-align=\"center\">1 ano<\/td><\/tr><tr><td class=\"has-text-align-center\" data-align=\"center\">Para manter um registo dos seus detalhes de contacto.<\/td><td class=\"has-text-align-center\" data-align=\"center\">1 ano<\/td><\/tr><tr><td class=\"has-text-align-center\" data-align=\"center\">Para dar resposta ao seu pedido de or\u00e7amento.<\/td><td class=\"has-text-align-center\" data-align=\"center\">Pelo per\u00edodo que se afigure necess\u00e1rio para esta finalidade e, caso venha a ser celebrado um contrato, durante toda a execu\u00e7\u00e3o do contrato.<\/td><\/tr><tr><td class=\"has-text-align-center\" data-align=\"center\">Para as opera\u00e7\u00f5es de gest\u00e3o do WEBSITE.<\/td><td class=\"has-text-align-center\" data-align=\"center\">3 meses<\/td><\/tr><tr><td class=\"has-text-align-center\" data-align=\"center\">Para fins comerciais, como an\u00e1lise de dados, auditorias.<\/td><td class=\"has-text-align-center\" data-align=\"center\">1 ano<\/td><\/tr><tr><td class=\"has-text-align-center\" data-align=\"center\">Para preven\u00e7\u00e3o de fraudes e seguran\u00e7a dos sistemas de informa\u00e7\u00e3o.<\/td><td class=\"has-text-align-center\" data-align=\"center\">3 meses<\/td><\/tr><tr><td class=\"has-text-align-center\" data-align=\"center\">Para a adapta\u00e7\u00e3o, melhoria e modifica\u00e7\u00e3o dos servi\u00e7os, nomeadamente, atrav\u00e9s da identifica\u00e7\u00e3o de tend\u00eancias de utiliza\u00e7\u00e3o, ou, para determinar a efic\u00e1cia das campanhas promocionais.<\/td><td class=\"has-text-align-center\" data-align=\"center\">3 meses<\/td><\/tr><\/tbody><\/table><\/figure>\n\n\n\n<p>10.2. Caso resulte da lei algum per\u00edodo espec\u00edfico ou obrigat\u00f3rio, o per\u00edodo de conserva\u00e7\u00e3o dos dados ser\u00e1 esse. Em todos os outros casos, os dados pessoais ser\u00e3o conservados no m\u00e1ximo durante os tempos acima indicados, per\u00edodos que a INSTALA\u00c7ORES entende como suficiente para cumprimento das finalidades.<\/p>\n\n\n\n<p>10.3. Findo o per\u00edodo de conserva\u00e7\u00e3o, todos os dados pessoais recolhidos ser\u00e3o eliminados.<\/p>\n\n\n\n<p><strong>11. COMO PODE EXERCER OS SEUS DIREITOS:<\/strong><\/p>\n\n\n\n<p>11.1. Antes de explicarmos como pode exercer os seus direitos, conv\u00e9m saber quais s\u00e3o. Assim, a legisla\u00e7\u00e3o atribui-lhe o direito de nos solicitar o exerc\u00edcio dos seguintes direitos:<\/p>\n\n\n\n<p>(a) Acesso: direito de obter a confirma\u00e7\u00e3o de que os dados pessoais que lhe digam respeito s\u00e3o ou n\u00e3o objeto de tratamento e, se for esse o caso, o direito de aceder aos seus dados pessoais;<\/p>\n\n\n\n<p>(b) Retifica\u00e7\u00e3o: o direito de obter a retifica\u00e7\u00e3o dos dados pessoais inexatos que lhe digam respeito e a que os seus dados pessoais incompletos sejam completados;<\/p>\n\n\n\n<p>(c) Apagamento: o direito de obter o apagamento dos seus dados pessoais quando se aplique um dos motivos elencados na legisla\u00e7\u00e3o;<\/p>\n\n\n\n<p>(d) Limita\u00e7\u00e3o do tratamento: o direito de obter a limita\u00e7\u00e3o do tratamento se se aplicar uma das situa\u00e7\u00f5es elencadas na legisla\u00e7\u00e3o;<\/p>\n\n\n\n<p>(e) Oposi\u00e7\u00e3o: o direito de se opor a qualquer momento ao tratamento dos dados pessoais que lhe digam respeito;<\/p>\n\n\n\n<p>(f) Portabilidade: o direito de receber os dados pessoais que lhe digam respeito num formato estruturado, de uso corrente e de leitura autom\u00e1tica.<\/p>\n\n\n\n<p>11.2. Tem ainda o direito de apresentar reclama\u00e7\u00e3o junto \u00e0 autoridade de controlo competente (em Portugal, a Comiss\u00e3o Nacional de Prote\u00e7\u00e3o de Dados em www.cnpd.pt)<\/p>\n\n\n\n<p>11.3. Para efeito do exerc\u00edcio dos direitos acima indicados dever\u00e1 contactar a INSTALA\u00c7ORES atrav\u00e9s do email geral@instalacores.pt.<\/p>\n\n\n\n<p>11.4. Caso nos solicite a elimina\u00e7\u00e3o de alguns dos seus dados pessoais ou da sua totalidade, alguns dos servi\u00e7os solicitados poder\u00e3o n\u00e3o lhe ser prestados e a INSTALA\u00c7ORES ir\u00e1 conservar apenas os dados pessoais necess\u00e1rios para o cumprimento das obriga\u00e7\u00f5es legais a que se encontra vinculada.<\/p>\n\n\n\n<p><strong>12. QUANDO COMUNICAMOS DADOS A TERCEIROS?<\/strong><\/p>\n\n\n\n<p>12.1. A INSTALA\u00c7ORES poder\u00e1 recorrer a terceiros para a presta\u00e7\u00e3o de determinados servi\u00e7os, a n\u00edvel de manuten\u00e7\u00e3o, apoio t\u00e9cnico, marketing, fatura\u00e7\u00e3o ou gest\u00e3o de pagamentos, podendo estes ter acesso a alguns dos dados pessoais, nomeadamente, os dados necess\u00e1rios para os fins contratualizados.<\/p>\n\n\n\n<p>12.2. A INSTALA\u00c7ORES assegura que as entidades que tenham acesso aos dados s\u00e3o cred\u00edveis e oferecem elevadas garantias de prote\u00e7\u00e3o, nunca lhes sendo transmitidos dados para al\u00e9m do necess\u00e1rio \u00e0 presta\u00e7\u00e3o do servi\u00e7o contratado, permanecendo, contudo, a INSTALA\u00c7ORES como respons\u00e1vel pelos dados pessoais disponibilizados.<\/p>\n\n\n\n<p>12.3. A INSTALA\u00c7ORES poder\u00e1 ainda comunicar os seus dados \u00e0s seguintes entidades:<\/p>\n\n\n\n<p>(a) Empresas do grupo empresarial ao qual a INSTALA\u00c7ORES pertence e com que tenha parcerias comerciais para a cria\u00e7\u00e3o e oferta de benef\u00edcios; ou ainda,<\/p>\n\n\n\n<p>(b) Outros parceiros fora do seu grupo empresarial (com autoriza\u00e7\u00e3o pr\u00e9via da sua parte).<\/p>\n\n\n\n<p>12.4. A INSTALA\u00c7ORES poder\u00e1 ainda transmitir dados a terceiros no \u00e2mbito de investiga\u00e7\u00f5es, inqu\u00e9ritos e processos judiciais e\/ou administrativos ou de natureza semelhante, desde que para tal seja devidamente ordenada por ordem judicial nesse sentido.<\/p>\n\n\n\n<p><strong>13. WEBSITES DE TERCEIROS.<\/strong><\/p>\n\n\n\n<p>13.1. O WEBSITE poder\u00e1 conter liga\u00e7\u00f5es para outros websites os quais poder\u00e3o recolher tratar os seus dados pessoais e, esse tratamento \u00e9 da exclusiva responsabilidade dos propriet\u00e1rios desses websites, n\u00e3o tendo a INSTALA\u00c7ORES qualquer responsabilidade pelas suas pol\u00edticas e\/ou pr\u00e1ticas.<\/p>\n\n\n\n<p>13.2. Exemplo desses terceiros s\u00e3o o <em>Facebook<\/em> ou o <em>Instagram<\/em>, atrav\u00e9s dos bot\u00f5es que est\u00e3o presentes no WEBSITE.<\/p>\n\n\n\n<p><strong>14. TRANSFER\u00caNCIAS DE DADOS PARA FORA DA UNI\u00c3O EUROPEIA.<\/strong><\/p>\n\n\n\n<p>14.1. Caso possam ocorrer transfer\u00eancias de dados para pa\u00edses terceiros que n\u00e3o pertencendo \u00e0 Uni\u00e3o Europeia, a INSTALA\u00c7ORES cumprir\u00e1 com as regras legais, nomeadamente no que respeita \u00e0 adequabilidade do pa\u00eds de destino relativamente \u00e0 prote\u00e7\u00e3o de dados pessoais e aos requisitos, que s\u00e3o aplic\u00e1veis a estas transfer\u00eancias, n\u00e3o sendo transferidos dados pessoais para jurisdi\u00e7\u00f5es que n\u00e3o ofere\u00e7am garantias de seguran\u00e7a e prote\u00e7\u00e3o.<\/p>\n\n\n\n<p><strong>15. OS MENORES.<\/strong><\/p>\n\n\n\n<p>15.1. O WEBSITE n\u00e3o \u00e9 dirigidos a menores de 18 anos, pelo que solicitamos que estes menores n\u00e3o nos forne\u00e7am dados pessoais atrav\u00e9s do WEBSITE, aplica\u00e7\u00e3o, redes sociais e social media ou emails.<\/p>\n\n\n\n<p><strong>16. DADOS PESSOAIS SENS\u00cdVEIS.<\/strong><\/p>\n\n\n\n<p>16.1. A INSTALA\u00c7ORES agradece que n\u00e3o nos envie nem nos d\u00ea a conhecer quaisquer dados pessoais sens\u00edveis, ou seja, informa\u00e7\u00f5es que revelem a origem racial ou \u00e9tnica, opini\u00f5es pol\u00edticas, cren\u00e7as religiosas ou filos\u00f3ficas, associa\u00e7\u00e3o sindical, informa\u00e7\u00f5es gen\u00e9ticas, informa\u00e7\u00f5es biom\u00e9tricas, dados relativos \u00e0 sa\u00fade ou dados relativos a vida sexual de uma pessoa natural ou a orienta\u00e7\u00e3o sexual.<\/p>\n\n\n\n<p>16.2. Caso ainda assim nos envie ou d\u00ea a conhecer essas categorias de dados pessoais, estes ser\u00e3o imediatamente apagados.<\/p>\n\n\n\n<p><strong>17. ALTERA\u00c7\u00d5ES \u00c0 POL\u00cdTICA DE PRIVACIDADE.<\/strong><\/p>\n\n\n\n<p>17.1. A INSTALA\u00c7ORES reserva-se no direito de reajustar ou alterar a presente Pol\u00edtica de Privacidade, a qualquer momento, sendo essas altera\u00e7\u00f5es publicitadas.<\/p>\n\n\n\n<p><strong>18. OS NOSSOS DETALHES DE CONTACTO.<\/strong><\/p>\n\n\n\n<p>18.1. Caso tenha alguma d\u00favida ou quest\u00e3o relacionada com esta Pol\u00edtica de Privacidade por favor contacte-nos por escrito atrav\u00e9s do email geral@instalacores.pt.<\/p>\n\n\n\n<p><strong>19. \u00daLTIMA VERS\u00c3O.<\/strong><\/p>\n\n\n\n<p>19.1. 09 de Agosto, 2021. Ponta Delgada, A\u00e7ores (Portugal).<\/p>\n","protected":false},"excerpt":{"rendered":"A INSTALA\u00c7ORES &#8211; ESTUDOS MONTAGENS E IND\u00daSTRIA DE INSTALA\u00c7\u00d5ES ELECTRICAS, LDA. (adiante, INSTALA\u00c7ORES), com sede em Port\u00f5es Vermelhos, Lote 5, 9560-360 Lagoa \u2013 A\u00e7ores, e NIPC 512020353 \u00e9 a propriet\u00e1ria do dom\u00ednio https:\/\/instalacores.pt\/, onde se encontra alojado o seu WEBSITE. A INSTALA\u00c7ORES, ENQUANTO RESPONS\u00c1VEL PELO TRATAMENTO, EST\u00c1 EMPENHADA EM PROTEGER A PRIVACIDADE E OS DADOS&#8230; <a class=\"view-article\" href=\"https:\/\/instalacores.pt\/index.php\/en\/privacy-policy\/\">View Article<\/a>","protected":false},"author":2,"featured_media":127,"parent":0,"menu_order":0,"comment_status":"closed","ping_status":"open","template":"page-termos.php","meta":{"footnotes":""},"class_list":["post-122","page","type-page","status-publish","has-post-thumbnail","hentry"],"_links":{"self":[{"href":"https:\/\/instalacores.pt\/index.php\/wp-json\/wp\/v2\/pages\/122","targetHints":{"allow":["GET"]}}],"collection":[{"href":"https:\/\/instalacores.pt\/index.php\/wp-json\/wp\/v2\/pages"}],"about":[{"href":"https:\/\/instalacores.pt\/index.php\/wp-json\/wp\/v2\/types\/page"}],"author":[{"embeddable":true,"href":"https:\/\/instalacores.pt\/index.php\/wp-json\/wp\/v2\/users\/2"}],"replies":[{"embeddable":true,"href":"https:\/\/instalacores.pt\/index.php\/wp-json\/wp\/v2\/comments?post=122"}],"version-history":[{"count":7,"href":"https:\/\/instalacores.pt\/index.php\/wp-json\/wp\/v2\/pages\/122\/revisions"}],"predecessor-version":[{"id":317,"href":"https:\/\/instalacores.pt\/index.php\/wp-json\/wp\/v2\/pages\/122\/revisions\/317"}],"wp:featuredmedia":[{"embeddable":true,"href":"https:\/\/instalacores.pt\/index.php\/wp-json\/wp\/v2\/media\/127"}],"wp:attachment":[{"href":"https:\/\/instalacores.pt\/index.php\/wp-json\/wp\/v2\/media?parent=122"}],"curies":[{"name":"wp","href":"https:\/\/api.w.org\/{rel}","templated":true}]}}