{"id":2,"date":"2021-06-09T11:09:38","date_gmt":"2021-06-09T11:09:38","guid":{"rendered":"http:\/\/instalacores.pt\/?page_id=2"},"modified":"2022-04-08T09:02:39","modified_gmt":"2022-04-08T10:02:39","slug":"sample-page","status":"publish","type":"page","link":"https:\/\/instalacores.pt\/","title":{"rendered":"In\u00edcio: Redes el\u00e9ctricas- Instala\u00e7\u00e3o, repara\u00e7\u00e3o e manuten\u00e7\u00e3o"},"content":{"rendered":"\n<p>Somos uma empresa de Instala\u00e7\u00e3o, manuten\u00e7\u00e3o e repara\u00e7\u00e3o de redes el\u00e9tricas de baixa, m\u00e9dia e alta tens\u00e3o.<\/p>\n","protected":false},"excerpt":{"rendered":"Somos uma empresa de Instala\u00e7\u00e3o, manuten\u00e7\u00e3o e repara\u00e7\u00e3o de redes el\u00e9tricas de baixa, m\u00e9dia e alta tens\u00e3o.","protected":false},"author":1,"featured_media":0,"parent":0,"menu_order":0,"comment_status":"closed","ping_status":"open","template":"","meta":{"footnotes":""},"class_list":["post-2","page","type-page","status-publish","hentry"],"_links":{"self":[{"href":"https:\/\/instalacores.pt\/index.php\/wp-json\/wp\/v2\/pages\/2","targetHints":{"allow":["GET"]}}],"collection":[{"href":"https:\/\/instalacores.pt\/index.php\/wp-json\/wp\/v2\/pages"}],"about":[{"href":"https:\/\/instalacores.pt\/index.php\/wp-json\/wp\/v2\/types\/page"}],"author":[{"embeddable":true,"href":"https:\/\/instalacores.pt\/index.php\/wp-json\/wp\/v2\/users\/1"}],"replies":[{"embeddable":true,"href":"https:\/\/instalacores.pt\/index.php\/wp-json\/wp\/v2\/comments?post=2"}],"version-history":[{"count":8,"href":"https:\/\/instalacores.pt\/index.php\/wp-json\/wp\/v2\/pages\/2\/revisions"}],"predecessor-version":[{"id":213,"href":"https:\/\/instalacores.pt\/index.php\/wp-json\/wp\/v2\/pages\/2\/revisions\/213"}],"wp:attachment":[{"href":"https:\/\/instalacores.pt\/index.php\/wp-json\/wp\/v2\/media?parent=2"}],"curies":[{"name":"wp","href":"https:\/\/api.w.org\/{rel}","templated":true}]}}