{"id":80,"date":"2021-06-09T15:28:15","date_gmt":"2021-06-09T15:28:15","guid":{"rendered":"https:\/\/instalacores.pt\/?page_id=80"},"modified":"2022-01-21T15:50:11","modified_gmt":"2022-01-21T16:50:11","slug":"politica-de-cookies","status":"publish","type":"page","link":"https:\/\/instalacores.pt\/index.php\/politica-de-cookies\/","title":{"rendered":"Pol\u00edtica de Cookies"},"content":{"rendered":"\n<p>A INSTALA\u00c7ORES &#8211; ESTUDOS MONTAGENS E IND\u00daSTRIA DE INSTALA\u00c7\u00d5ES ELECTRICAS, LDA. (adiante, INSTALA\u00c7ORES), com sede em Port\u00f5es Vermelhos, Lote 5, 9560-360 Lagoa \u2013 A\u00e7ores, e NIPC 512020353 \u00e9 a propriet\u00e1ria do dom\u00ednio <em>https:\/\/instalacores.pt\/,<\/em> onde se encontra alojado o seu WEBSITE<em>.<\/em><\/p>\n\n\n\n<p>A INSTALA\u00c7ORES, ENQUANTO RESPONS\u00c1VEL PELO TRTAMENTO, EST\u00c1 EMPENHADA EM PROTEGER A PRIVACIDADE E OS DADOS PESSOAIS DOS SEUS CLIENTES E UTILIZADORES DO WEBSITE, PELO QUE, ELABOROU E ADOTOU A PRESENTE POL\u00cdTICA DE COOKIES. ESTA POL\u00cdTICA ESCLARECE COMO S\u00c3O UTILIZADOS COOKIES, PIXEL TAGS E OUTRAS TECNOLOGIAS SEMELHANTES, PELO QUE, ACONSELHAMOS A SUA LEITURA.<\/p>\n\n\n\n<p><strong>1. O QUE S\u00c3O COOKIES?<\/strong><\/p>\n\n\n\n<p><em>1.1. Cookies<\/em> s\u00e3o pequenos arquivos de informa\u00e7\u00f5es que ajudam a identificar o seu browser e que podem armazenar informa\u00e7\u00f5es, por exemplo, configura\u00e7\u00f5es e prefer\u00eancias do Utilizador.<\/p>\n\n\n\n<p>1.2. Com exce\u00e7\u00e3o dos <em>cookies<\/em> especificamente necess\u00e1rios ao desempenho do website, o armazenamento de outros cookies depender\u00e1 sempre da aceita\u00e7\u00e3o e consentimento do Utilizador, podendo esse consentimento ser retirado a todo o tempo atrav\u00e9s de ferramentas espec\u00edficas do browser.<\/p>\n\n\n\n<p><strong>2. COMO UTILIZAMOS COOKIES?<\/strong><\/p>\n\n\n\n<p>2.1. Utilizamos <em>cookies<\/em> para apresentar as suas prefer\u00eancias, por exemplo:<\/p>\n\n\n\n<p>(a) Os <em>cookies<\/em> permitem-nos saber se concordou (ou n\u00e3o) com a utiliza\u00e7\u00e3o de cookies no WEBSITE;<\/p>\n\n\n\n<p>(b) Os <em>cookies<\/em> permitem-nos que o identifiquemos como um Utilizador recorrente;<\/p>\n\n\n\n<p>(c) Os <em>cookies<\/em> permitem-nos recuperar as suas prefer\u00eancias personalizadas quando navega;<\/p>\n\n\n\n<p>2.2. Os cookies permitem-nos recolher, anonimamente, estat\u00edsticas relativamente aos v\u00eddeos que visualizou no WEBSITE.<\/p>\n\n\n\n<p><strong>3. OS <\/strong><em><u><strong>COOKIES<\/strong><\/u><\/em><strong> DE TERCEIROS<\/strong><\/p>\n\n\n\n<p>3.1. Alguns <em>cookies<\/em> poder\u00e3o, ainda, ser armazenados por terceiros que n\u00e3o a INSTALA\u00c7ORES.<\/p>\n\n\n\n<p>3.2. Esses terceiros s\u00e3o prestadores de servi\u00e7os e, embora a INSTALA\u00c7ORES realize todos os esfor\u00e7os no sentido de recorrer apenas a prestadores de servi\u00e7os que forne\u00e7am garantias de utiliza\u00e7\u00e3o de medidas t\u00e9cnicas e organizativas adequadas e conformes aos requisitos da legisla\u00e7\u00e3o relevante em mat\u00e9ria de prote\u00e7\u00e3o de dados, o Utilizador entende que a INSTALA\u00c7ORES n\u00e3o \u00e9 respons\u00e1vel pelo conte\u00fado e exatid\u00e3o das pol\u00edticas de privacidade e de <em>cookies<\/em> destes terceiros.<\/p>\n\n\n\n<p>3.3. No <strong>Ponto 6<\/strong> encontra uma descri\u00e7\u00e3o de todos os <em>cookies<\/em> utilizados, entre eles, os de terceiros.<\/p>\n\n\n\n<p><strong>4. PARA QUE SERVEM OS <em><u>COOKIES<\/u><\/em>?<\/strong><\/p>\n\n\n\n<p>4.1. A INSTALA\u00c7ORES ir\u00e1 armazenar <em>cookies<\/em> no seu equipamento para personalizar e facilitar ao m\u00e1ximo a navega\u00e7\u00e3o, mas tamb\u00e9m, para a solu\u00e7\u00e3o de problemas, estat\u00edsticas, garantia de qualidade, e para monitorar a seguran\u00e7a do sistema.<\/p>\n\n\n\n<p>4.2. Poder\u00e1, a todo o tempo, eliminar ou bloquear os referidos <em>cookies<\/em>, sendo que, ao faz\u00ea-lo, alguns recursos deste WEBSITE poder\u00e3o n\u00e3o funcionar como previsto.<\/p>\n\n\n\n<p>4.3. Os <em>cookies<\/em> n\u00e3o s\u00e3o utilizados para quaisquer finalidades que n\u00e3o as aqui descritas.<\/p>\n\n\n\n<p><strong>5. TIPOS DE COOKIES.<\/strong><\/p>\n\n\n\n<p>5.1. Os <em>cookies<\/em> no nosso WEBSITE s\u00e3o utilizados para diferentes finalidades, mas, em geral, a sua utiliza\u00e7\u00e3o pode ser dividida nas seguintes categorias:<\/p>\n\n\n\n<p>(a) <em><strong>Cookies<\/strong><\/em><strong> Estritamente Necess\u00e1rios<\/strong>: s\u00e3o <em>cookies<\/em> que s\u00e3o essenciais para provis\u00e3o do WEBSITE e para todos os servi\u00e7os solicitados, mas n\u00e3o executam nenhuma fun\u00e7\u00e3o adicional ou secund\u00e1ria.<\/p>\n\n\n\n<p>(b) <em><strong>Cookies<\/strong><\/em><strong> de Desempenho<\/strong>: s\u00e3o aqueles <em>cookies<\/em> que fornecem informa\u00e7\u00f5es estat\u00edsticas sobre o uso do WEBSITE, ou seja, a an\u00e1lise da web.<\/p>\n\n\n\n<p>(c) <em><strong>Cookies<\/strong><\/em><strong> de Segmenta\u00e7\u00e3o\/Publicidade<\/strong>: s\u00e3o <em>cookies<\/em> utilizados para criar perfis ou personalizar conte\u00fados.<\/p>\n\n\n\n<p><strong>6. COOKIES QUE UTILIZAMOS.<\/strong><\/p>\n\n\n\n<p>6.1. A seguinte tabela explica de que forma s\u00e3o utilizados cookies no presente WEBSITE.<\/p>\n\n\n\n<p><em><strong>Cookies<\/strong><\/em><strong> Estritamente <\/strong><em><strong>Necess\u00e1rios<\/strong><\/em><\/p>\n\n\n\n<figure class=\"wp-block-table is-style-stripes\"><table class=\"has-fixed-layout\"><thead><tr><th class=\"has-text-align-center\" data-align=\"center\">Origem<\/th><th class=\"has-text-align-center\" data-align=\"center\">Nome<\/th><th class=\"has-text-align-center\" data-align=\"center\">Descri\u00e7\u00e3o<\/th><th class=\"has-text-align-center\" data-align=\"center\">Dura\u00e7\u00e3o<\/th><\/tr><\/thead><tbody><tr><td class=\"has-text-align-center\" data-align=\"center\">WordPress (https:\/\/instalacores.pt\/)<\/td><td class=\"has-text-align-center\" data-align=\"center\">viewed_cookie_policy<\/td><td class=\"has-text-align-center\" data-align=\"center\">O cookie \u00e9 definido pelo plug-in GDPR Cookie Consent e \u00e9 usado para armazenar se o usu\u00e1rio consentiu ou n\u00e3o com o uso de cookies. Ele n\u00e3o armazena nenhum dado pessoal.<\/td><td class=\"has-text-align-center\" data-align=\"center\"> 11 Meses <\/td><\/tr><tr><td class=\"has-text-align-center\" data-align=\"center\"> WordPress (https:\/\/instalacores.pt\/) <\/td><td class=\"has-text-align-center\" data-align=\"center\">cookielawinfo-checkbox-necessary<\/td><td class=\"has-text-align-center\" data-align=\"center\">Este cookie \u00e9 definido pelo plug-in GDPR Cookie Consent. Os cookies s\u00e3o usados \u200b\u200bpara armazenar o consentimento do usu\u00e1rio para os cookies na categoria &#8220;Necess\u00e1rio&#8221;.<\/td><td class=\"has-text-align-center\" data-align=\"center\"> 11 Meses <\/td><\/tr><tr><td class=\"has-text-align-center\" data-align=\"center\"> WordPress (https:\/\/instalacores.pt\/) <\/td><td class=\"has-text-align-center\" data-align=\"center\">cookielawinfo-checkbox-performance<\/td><td class=\"has-text-align-center\" data-align=\"center\">Este cookie \u00e9 definido pelo plug-in GDPR Cookie Consent. O cookie \u00e9 usado para armazenar o consentimento do usu\u00e1rio para os cookies na categoria &#8220;Desempenho&#8221;.<\/td><td class=\"has-text-align-center\" data-align=\"center\"> 11 Meses <\/td><\/tr><\/tbody><\/table><\/figure>\n\n\n\n<p><em><strong>Cookies de Desempenho<\/strong><\/em><\/p>\n\n\n\n<figure class=\"wp-block-table is-style-stripes\"><table class=\"has-fixed-layout\"><thead><tr><th class=\"has-text-align-center\" data-align=\"center\">Origem<\/th><th class=\"has-text-align-center\" data-align=\"center\">Nome<\/th><th class=\"has-text-align-center\" data-align=\"center\">Descri\u00e7\u00e3o<\/th><th class=\"has-text-align-center\" data-align=\"center\">Dura\u00e7\u00e3o<\/th><\/tr><\/thead><tbody><tr><td class=\"has-text-align-center\" data-align=\"center\"> WordPress (https:\/\/instalacores.pt\/) <\/td><td class=\"has-text-align-center\" data-align=\"center\">pll_language<\/td><td class=\"has-text-align-center\" data-align=\"center\">Este cookie \u00e9 definido pelo plug-in Polylang para sites desenvolvidos com WordPress. O cookie armazena o c\u00f3digo do idioma da \u00faltima p\u00e1gina navegada.<\/td><td class=\"has-text-align-center\" data-align=\"center\">1 Ano<\/td><\/tr><\/tbody><\/table><\/figure>\n\n\n\n<p><strong>7. O QUE S\u00c3O <em><u>PIXEL TAGS<\/u><\/em> E OUTRAS TECNOLOGIAS SEMELHANTES<\/strong><\/p>\n\n\n\n<p>7.1. Os <em>pixel<\/em> <em>tags<\/em> (tamb\u00e9m conhecidos como <em>web beacons<\/em> e <em>clear GIFs<\/em>) podem ser usados em conex\u00e3o com alguns servi\u00e7os para, nomeadamente, acompanhar as a\u00e7\u00f5es dos utilizadores dos servi\u00e7os (incluindo destinat\u00e1rios de <em>e-mail<\/em>), medir o sucesso das campanhas de marketing e compilar estat\u00edsticas sobre a utiliza\u00e7\u00e3o dos servi\u00e7os e taxas de resposta.<\/p>\n\n\n\n<p><strong>8. CONTROLO E GEST\u00c3O DE COOKIES.<\/strong><\/p>\n\n\n\n<p>8.1. A todo o tempo poder\u00e1 controlar e\/ou eliminar os <em>cookies<\/em>, nomeadamente, poder\u00e1 eliminar todos os <em>cookies<\/em> que j\u00e1 estejam armazenados no seu equipamento, podendo inclusivamente configurar a maioria dos <em>browsers<\/em> de forma a prevenir o seu armazenamento.<\/p>\n\n\n\n<p>8.2. Para que consiga efetuar essa gest\u00e3o, ter\u00e1, no entanto, que ajustar manualmente algumas prefer\u00eancias de cada vez que visita determinados websites<em>,<\/em> sem as quais alguns servi\u00e7os e funcionalidades poder\u00e3o n\u00e3o funcionar.<\/p>\n\n\n\n<p>8.3. Como garantia adicional poder\u00e1, a todo o tempo, desativar os <em>cookies<\/em>, configurando o seu <em>browser<\/em>, de acordo com as instru\u00e7\u00f5es dispon\u00edveis em:<\/p>\n\n\n\n<p>(a) Para utilizadores do Google Chrome: <a href=\"http:\/\/support.google.com\/chrome\/bin\/answer.py?hl=en&amp;answer=95647\" target=\"_blank\" rel=\"noopener\">http:\/\/support.google.com\/chrome\/bin\/answer.py?hl=en&amp;answer=95647<\/a>.<\/p>\n\n\n\n<p>(b) Para utilizadores do Internet Explorer: <a href=\"https:\/\/support.microsoft.com\/pt-pt\/help\/17442\/windows-internet-explorer-delete-manage-cookies\" target=\"_blank\" rel=\"noopener\">https:\/\/support.microsoft.com\/pt-pt\/help\/17442\/windows-internet-explorer-delete-manage-cookies<\/a>.<\/p>\n\n\n\n<p>(c) Para utilizadores do Microsoft Edge: <a href=\"https:\/\/privacy.microsoft.com\/en-us\/windows-10-microsoft-edge-and-privacy\" target=\"_blank\" rel=\"noopener\">https:\/\/privacy.microsoft.com\/en-us\/windows-10-microsoft-edge-and-privacy<\/a><\/p>\n\n\n\n<p>(d) Para utilizadores do Mozilla Firefox: <a href=\"https:\/\/support.mozilla.org\/en-US\/kb\/enable-and-disable-cookies-website-preferences\" target=\"_blank\" rel=\"noopener\">https:\/\/support.mozilla.org\/en-US\/kb\/enable-and-disable-cookies-website-preferences<\/a>.<\/p>\n\n\n\n<p>(e) Para utilizadores do Apple Safari: <a href=\"http:\/\/support.apple.com\/kb\/ph5042\" target=\"_blank\" rel=\"noopener\">http:\/\/support.apple.com\/kb\/ph5042<\/a>.<\/p>\n\n\n\n<p><strong>9. ALTERA\u00c7\u00d5ES \u00c0 POL\u00cdTICA DE <em><u>COOKIES<\/u><\/em>.<\/strong><\/p>\n\n\n\n<p>9.1. A INSTALA\u00c7ORES reserva-se no direito de reajustar ou alterar a presente Pol\u00edtica a qualquer momento, sendo essas altera\u00e7\u00f5es publicitadas.<\/p>\n\n\n\n<p><strong>10. OS NOSSOS DETALHES DE CONTACTO.<\/strong><\/p>\n\n\n\n<p>10.1. Caso tenha alguma d\u00favida ou quest\u00e3o relacionada com esta Pol\u00edtica, por favor contacte-nos por escrito atrav\u00e9s do email geral@instalacores.pt.<\/p>\n\n\n\n<p><strong>11. \u00daLTIMA VERS\u00c3O.<\/strong><\/p>\n\n\n\n<p>11.1. 09 de Agosto, 2021. Ponta Delgada, A\u00e7ores (Portugal).<\/p>\n","protected":false},"excerpt":{"rendered":"A INSTALA\u00c7ORES &#8211; ESTUDOS MONTAGENS E IND\u00daSTRIA DE INSTALA\u00c7\u00d5ES ELECTRICAS, LDA. (adiante, INSTALA\u00c7ORES), com sede em Port\u00f5es Vermelhos, Lote 5, 9560-360 Lagoa \u2013 A\u00e7ores, e NIPC 512020353 \u00e9 a propriet\u00e1ria do dom\u00ednio https:\/\/instalacores.pt\/, onde se encontra alojado o seu WEBSITE. A INSTALA\u00c7ORES, ENQUANTO RESPONS\u00c1VEL PELO TRTAMENTO, EST\u00c1 EMPENHADA EM PROTEGER A PRIVACIDADE E OS DADOS&#8230; <a class=\"view-article\" href=\"https:\/\/instalacores.pt\/index.php\/politica-de-cookies\/\">View Article<\/a>","protected":false},"author":1,"featured_media":132,"parent":0,"menu_order":0,"comment_status":"closed","ping_status":"closed","template":"page-termos.php","meta":{"footnotes":""},"class_list":["post-80","page","type-page","status-publish","has-post-thumbnail","hentry"],"_links":{"self":[{"href":"https:\/\/instalacores.pt\/index.php\/wp-json\/wp\/v2\/pages\/80","targetHints":{"allow":["GET"]}}],"collection":[{"href":"https:\/\/instalacores.pt\/index.php\/wp-json\/wp\/v2\/pages"}],"about":[{"href":"https:\/\/instalacores.pt\/index.php\/wp-json\/wp\/v2\/types\/page"}],"author":[{"embeddable":true,"href":"https:\/\/instalacores.pt\/index.php\/wp-json\/wp\/v2\/users\/1"}],"replies":[{"embeddable":true,"href":"https:\/\/instalacores.pt\/index.php\/wp-json\/wp\/v2\/comments?post=80"}],"version-history":[{"count":13,"href":"https:\/\/instalacores.pt\/index.php\/wp-json\/wp\/v2\/pages\/80\/revisions"}],"predecessor-version":[{"id":315,"href":"https:\/\/instalacores.pt\/index.php\/wp-json\/wp\/v2\/pages\/80\/revisions\/315"}],"wp:featuredmedia":[{"embeddable":true,"href":"https:\/\/instalacores.pt\/index.php\/wp-json\/wp\/v2\/media\/132"}],"wp:attachment":[{"href":"https:\/\/instalacores.pt\/index.php\/wp-json\/wp\/v2\/media?parent=80"}],"curies":[{"name":"wp","href":"https:\/\/api.w.org\/{rel}","templated":true}]}}